{"id":429,"date":"2020-07-27T20:23:22","date_gmt":"2020-07-27T20:23:22","guid":{"rendered":"https:\/\/gruporiw.com\/?page_id=429"},"modified":"2022-06-25T23:13:46","modified_gmt":"2022-06-25T23:13:46","slug":"inicio","status":"publish","type":"page","link":"https:\/\/gruporiw.com\/","title":{"rendered":"INICIO"},"content":{"rendered":"<div id=\"pl-429\"  class=\"panel-layout\" ><div id=\"pg-429-0\"  class=\"panel-grid panel-has-style\" ><div class=\"panel-row-style panel-row-style-for-429-0\" ><div id=\"pgc-429-0-0\"  class=\"panel-grid-cell\" ><div id=\"panel-429-0-0-0\" class=\"so-panel widget widget_sow-editor panel-first-child panel-last-child\" data-index=\"0\" ><div class=\"so-widget-sow-editor so-widget-sow-editor-base\">\n<div class=\"siteorigin-widget-tinymce textwidget\">\n\t<p><!-- wp:paragraph --><\/p>\n<p style=\"text-align: left;\"><\/p>\n<hr \/>\n<div>\n<div style=\"text-align: left;\"><\/div>\n<div style=\"text-align: center;\"><span style=\"color: #000000;\">BIENVENIDOS A LA PAGINA OFICIAL DE <\/span><strong style=\"color: #000000;\">GRUPO RIW,\u00a0<\/strong><span style=\"color: #000000;\">LA CASA DE NUESTRA MARCA <\/span><strong style=\"color: #000000;\">BOLD<\/strong><span style=\"color: #000000;\">.<\/span><\/div>\n<\/div>\n<h5 style=\"text-align: left;\"><img loading=\"lazy\" class=\"wp-image-649 alignleft\" src=\"https:\/\/gruporiw.com\/wp-content\/uploads\/2020\/07\/HORIZONTAL-LINE-01-1024x3.jpg\" alt=\"\" width=\"819\" height=\"6\" srcset=\"https:\/\/gruporiw.com\/wp-content\/uploads\/2020\/07\/HORIZONTAL-LINE-01-300x1.jpg 300w, https:\/\/gruporiw.com\/wp-content\/uploads\/2020\/07\/HORIZONTAL-LINE-01-930x6.jpg 930w\" sizes=\"(max-width: 819px) 100vw, 819px\" \/><\/h5>\n<p><!-- \/wp:image --><!-- wp:heading {\"level\":4} --><\/p>\n<h4><\/h4>\n<h4><span style=\"color: #ff6600;\"><strong>N O V E D A D E S<\/strong><\/span><\/h4>\n<p><!-- \/wp:heading --><\/p>\n<p style=\"text-align: right;\"><img loading=\"lazy\" class=\"wp-image-249 aligncenter\" src=\"https:\/\/gruporiw.com\/wp-content\/uploads\/2020\/07\/BOLD.-FONDO-LOGO-02-1.png\" alt=\"\" width=\"110\" height=\"32\" srcset=\"https:\/\/gruporiw.com\/wp-content\/uploads\/2020\/07\/BOLD.-FONDO-LOGO-02-1.png 446w, https:\/\/gruporiw.com\/wp-content\/uploads\/2020\/07\/BOLD.-FONDO-LOGO-02-1-300x88.png 300w\" sizes=\"(max-width: 110px) 100vw, 110px\" \/><\/p>\n<p style=\"text-align: left;\">Prep\u00e1rate para el lanzamiento de nuestra marca BOLD. Un producto con la m\u00e1s alta calidad y autenticidad en el sector de bebidas no alcoh\u00f3licas en Rep\u00fablica Dominicana.<\/p>\n<p>Seguimos trabajando de manera ardua para llevarles una experiencia sin igual. Pronto les tendremos m\u00e1s novedades sobre nuestra marca y nuestra compa\u00f1\u00eda.<\/p>\n<p style=\"text-align: center;\">Gracias por visitarnos!<\/p>\n<p style=\"text-align: center;\"><strong>Grupo RIW<\/strong><\/p>\n<p><img loading=\"lazy\" class=\"wp-image-649\" src=\"https:\/\/gruporiw.com\/wp-content\/uploads\/2020\/07\/HORIZONTAL-LINE-01-1024x3.jpg\" alt=\"\" width=\"819\" height=\"6\" srcset=\"https:\/\/gruporiw.com\/wp-content\/uploads\/2020\/07\/HORIZONTAL-LINE-01-300x1.jpg 300w, https:\/\/gruporiw.com\/wp-content\/uploads\/2020\/07\/HORIZONTAL-LINE-01-930x6.jpg 930w\" sizes=\"(max-width: 819px) 100vw, 819px\" \/><\/p>\n<p><!-- wp:image {\"id\":649,\"width\":819,\"height\":6,\"sizeSlug\":\"large\",\"className\":\"is-style-default\"} --><!-- \/wp:image --><!-- wp:heading {\"level\":4} --><\/p>\n<h4><span style=\"color: #ff6600;\"><strong>Q U I E N E S \u00a0\u00a0S O M O S<\/strong><\/span><\/h4>\n<p><img loading=\"lazy\" class=\"alignnone wp-image-1063\" src=\"https:\/\/gruporiw.com\/wp-content\/uploads\/2020\/09\/ADRESS-ICON-08.png\" alt=\"\" width=\"40\" height=\"24\" srcset=\"https:\/\/gruporiw.com\/wp-content\/uploads\/2020\/09\/ADRESS-ICON-08.png 83w, https:\/\/gruporiw.com\/wp-content\/uploads\/2020\/09\/ADRESS-ICON-08-24x14.png 24w, https:\/\/gruporiw.com\/wp-content\/uploads\/2020\/09\/ADRESS-ICON-08-36x21.png 36w, https:\/\/gruporiw.com\/wp-content\/uploads\/2020\/09\/ADRESS-ICON-08-48x28.png 48w\" sizes=\"(max-width: 40px) 100vw, 40px\" \/><\/p>\n<p>Somos Grupo RIW S. R. L, una empresa dedicada a la elaboraci\u00f3n y distribuci\u00f3n de bebidas no alcoh\u00f3lica en Rep\u00fablica Dominicana. Nos encontramos en la fase de instalaci\u00f3n de nuestra primera planta de producci\u00f3n. <strong>\u00a0 \u00a0 \u00a0 \u00a0\u00a0<\/strong><\/p>\n<p><strong><img loading=\"lazy\" class=\"wp-image-649\" src=\"https:\/\/gruporiw.com\/wp-content\/uploads\/2020\/07\/HORIZONTAL-LINE-01-1024x3.jpg\" alt=\"\" width=\"819\" height=\"6\" srcset=\"https:\/\/gruporiw.com\/wp-content\/uploads\/2020\/07\/HORIZONTAL-LINE-01-300x1.jpg 300w, https:\/\/gruporiw.com\/wp-content\/uploads\/2020\/07\/HORIZONTAL-LINE-01-930x6.jpg 930w\" sizes=\"(max-width: 819px) 100vw, 819px\" \/><\/strong><\/p>\n<h4><span style=\"color: #ff6600;\"><strong>P R O P O S I T O<\/strong><\/span><\/h4>\n<p><img loading=\"lazy\" class=\"alignnone wp-image-852\" src=\"https:\/\/gruporiw.com\/wp-content\/uploads\/2020\/09\/ADRESS-ICON-06.png\" alt=\"\" width=\"34\" height=\"34\" srcset=\"https:\/\/gruporiw.com\/wp-content\/uploads\/2020\/09\/ADRESS-ICON-06.png 87w, https:\/\/gruporiw.com\/wp-content\/uploads\/2020\/09\/ADRESS-ICON-06-24x24.png 24w, https:\/\/gruporiw.com\/wp-content\/uploads\/2020\/09\/ADRESS-ICON-06-36x36.png 36w, https:\/\/gruporiw.com\/wp-content\/uploads\/2020\/09\/ADRESS-ICON-06-48x48.png 48w\" sizes=\"(max-width: 34px) 100vw, 34px\" \/><\/p>\n<p>Nuestro prop\u00f3sito es crear el portafolio nacional de bebidas favoritas de los dominicanos. A trav\u00e9s de la innovaci\u00f3n, buscamos elaborar bebidas deliciosas y nutritivas que representen nuestra cultura, nuestros sabores aut\u00e9nticos y esp\u00edritu tropical.<\/p>\n<p><strong><img loading=\"lazy\" class=\"wp-image-649\" src=\"https:\/\/gruporiw.com\/wp-content\/uploads\/2020\/07\/HORIZONTAL-LINE-01-1024x3.jpg\" alt=\"\" width=\"819\" height=\"6\" srcset=\"https:\/\/gruporiw.com\/wp-content\/uploads\/2020\/07\/HORIZONTAL-LINE-01-300x1.jpg 300w, https:\/\/gruporiw.com\/wp-content\/uploads\/2020\/07\/HORIZONTAL-LINE-01-930x6.jpg 930w\" sizes=\"(max-width: 819px) 100vw, 819px\" \/><\/strong><\/p>\n<h4><span style=\"color: #ff6600;\"><strong>V I S I O N<\/strong><\/span><\/h4>\n<p><img loading=\"lazy\" class=\"alignnone wp-image-857\" src=\"https:\/\/gruporiw.com\/wp-content\/uploads\/2020\/09\/ADRESS-ICON-07-1-e1599687980606.png\" alt=\"\" width=\"40\" height=\"45\" \/><\/p>\n<p>Nuestra visi\u00f3n es inspirar al mundo a trav\u00e9s de nuestras marcas y cultura corporativa. Crear y promover valores que tengan un impacto positivo en nuestras comunidades y el medio ambiente.<\/p>\n<p><img loading=\"lazy\" class=\"wp-image-649\" src=\"https:\/\/gruporiw.com\/wp-content\/uploads\/2020\/07\/HORIZONTAL-LINE-01-1024x3.jpg\" alt=\"\" width=\"819\" height=\"6\" srcset=\"https:\/\/gruporiw.com\/wp-content\/uploads\/2020\/07\/HORIZONTAL-LINE-01-300x1.jpg 300w, https:\/\/gruporiw.com\/wp-content\/uploads\/2020\/07\/HORIZONTAL-LINE-01-930x6.jpg 930w\" sizes=\"(max-width: 819px) 100vw, 819px\" \/><\/p>\n<h4><span style=\"color: #ff6600;\"><strong>U B I C A C I O N\u00a0 \u00a0Y\u00a0 \u00a0C O N T A C T O<\/strong><\/span><\/h4>\n<p><img loading=\"lazy\" class=\"wp-image-846 alignnone\" src=\"https:\/\/gruporiw.com\/wp-content\/uploads\/2020\/09\/ADRESS-ICON-03.png\" alt=\"\" width=\"30\" height=\"30\" srcset=\"https:\/\/gruporiw.com\/wp-content\/uploads\/2020\/09\/ADRESS-ICON-03.png 90w, https:\/\/gruporiw.com\/wp-content\/uploads\/2020\/09\/ADRESS-ICON-03-24x24.png 24w, https:\/\/gruporiw.com\/wp-content\/uploads\/2020\/09\/ADRESS-ICON-03-36x36.png 36w, https:\/\/gruporiw.com\/wp-content\/uploads\/2020\/09\/ADRESS-ICON-03-48x48.png 48w\" sizes=\"(max-width: 30px) 100vw, 30px\" \/><\/p>\n<p><!-- \/wp:heading --><!-- wp:paragraph --><\/p>\n<p><strong>En El\u00edas Pi\u00f1a:<\/strong><br \/>\nCarretera\u00a0 S\u00e1nchez, km 7 1\/2, Luis Sim\u00f3n, El Llano.<\/p>\n<p><strong>En Santiago De los Caballeros:<\/strong><br \/>\nAve. Circumvalaci\u00f3n Norte. Km 8. Tamboril.<\/p>\n<hr \/>\n<p><img loading=\"lazy\" class=\"wp-image-847 aligncenter\" src=\"https:\/\/gruporiw.com\/wp-content\/uploads\/2020\/09\/ADRESS-ICON-04.png\" alt=\"\" width=\"34\" height=\"25\" srcset=\"https:\/\/gruporiw.com\/wp-content\/uploads\/2020\/09\/ADRESS-ICON-04.png 82w, https:\/\/gruporiw.com\/wp-content\/uploads\/2020\/09\/ADRESS-ICON-04-24x18.png 24w, https:\/\/gruporiw.com\/wp-content\/uploads\/2020\/09\/ADRESS-ICON-04-36x26.png 36w, https:\/\/gruporiw.com\/wp-content\/uploads\/2020\/09\/ADRESS-ICON-04-48x35.png 48w\" sizes=\"(max-width: 34px) 100vw, 34px\" \/><\/p>\n<p style=\"text-align: center;\">Comun\u00edcate con nosotros a trav\u00e9s de<strong>\u00a0info@gruporiw.com<\/strong><\/p>\n<p style=\"text-align: center;\">Interact\u00faa con nosotros. A continuaci\u00f3n, sigue los enlaces de nuestras redes sociales.<\/p>\n<p><!-- \/wp:paragraph --><!-- wp:paragraph --><!-- \/wp:paragraph --><\/p>\n<div class=\"convertful-58672\"><\/div>\n<p><a class=\"elementor-clickable\" href=\"https:\/\/gruporiw.com\" data-elementor-open-lightbox=\"\">\u00a0<\/a><\/p>\n<\/div>\n<\/div><\/div><\/div><\/div><\/div><\/div>","protected":false},"excerpt":{"rendered":"<p>BIENVENIDOS A LA PAGINA OFICIAL DE GRUPO RIW,\u00a0LA CASA DE NUESTRA MARCA BOLD. N O V E D A D E S Prep\u00e1rate para el lanzamiento de nuestra marca BOLD. Un producto con la m\u00e1s alta calidad y autenticidad en el sector de bebidas no alcoh\u00f3licas en Rep\u00fablica Dominicana. Seguimos trabajando de manera ardua para&hellip;&nbsp;<a href=\"https:\/\/gruporiw.com\/\" class=\"\" rel=\"bookmark\">Read More &raquo;<span class=\"screen-reader-text\">INICIO<\/span><\/a><\/p>\n","protected":false},"author":1,"featured_media":0,"parent":0,"menu_order":0,"comment_status":"closed","ping_status":"closed","template":"","meta":{"_monsterinsights_skip_tracking":false,"_monsterinsights_sitenote_active":false,"_monsterinsights_sitenote_note":"","_monsterinsights_sitenote_category":0,"neve_meta_sidebar":"","neve_meta_container":"","neve_meta_enable_content_width":"off","neve_meta_content_width":0,"neve_meta_title_alignment":"","neve_meta_author_avatar":"","neve_post_elements_order":"","neve_meta_disable_header":"","neve_meta_disable_footer":"","neve_meta_disable_title":"on"},"_links":{"self":[{"href":"https:\/\/gruporiw.com\/index.php?rest_route=\/wp\/v2\/pages\/429"}],"collection":[{"href":"https:\/\/gruporiw.com\/index.php?rest_route=\/wp\/v2\/pages"}],"about":[{"href":"https:\/\/gruporiw.com\/index.php?rest_route=\/wp\/v2\/types\/page"}],"author":[{"embeddable":true,"href":"https:\/\/gruporiw.com\/index.php?rest_route=\/wp\/v2\/users\/1"}],"replies":[{"embeddable":true,"href":"https:\/\/gruporiw.com\/index.php?rest_route=%2Fwp%2Fv2%2Fcomments&post=429"}],"version-history":[{"count":216,"href":"https:\/\/gruporiw.com\/index.php?rest_route=\/wp\/v2\/pages\/429\/revisions"}],"predecessor-version":[{"id":1327,"href":"https:\/\/gruporiw.com\/index.php?rest_route=\/wp\/v2\/pages\/429\/revisions\/1327"}],"wp:attachment":[{"href":"https:\/\/gruporiw.com\/index.php?rest_route=%2Fwp%2Fv2%2Fmedia&parent=429"}],"curies":[{"name":"wp","href":"https:\/\/api.w.org\/{rel}","templated":true}]}}